{"id":22866,"date":"2023-02-03T07:23:34","date_gmt":"2023-02-03T07:23:34","guid":{"rendered":"https:\/\/sthrive.com\/obtenir-une-demonstration\/"},"modified":"2025-11-13T17:10:30","modified_gmt":"2025-11-13T17:10:30","slug":"contact","status":"publish","type":"page","link":"https:\/\/sthrive.com\/fr\/contact\/","title":{"rendered":"Obtenir une d\u00e9monstration"},"content":{"rendered":"\t\t<div data-elementor-type=\"wp-page\" data-elementor-id=\"22866\" class=\"elementor elementor-22866 elementor-3114\">\n\t\t\t\t\t\t<section class=\"elementor-section elementor-top-section elementor-element elementor-element-68b6715 elementor-section-boxed elementor-section-height-default elementor-section-height-default sc_fly_static\" data-id=\"68b6715\" data-element_type=\"section\">\n\t\t\t\t\t\t<div class=\"elementor-container elementor-column-gap-extended\">\n\t\t\t\t\t<div class=\"elementor-column elementor-col-100 elementor-top-column elementor-element elementor-element-db89bb0 sc_content_align_inherit sc_layouts_column_icons_position_left sc_fly_static\" data-id=\"db89bb0\" data-element_type=\"column\">\n\t\t\t<div class=\"elementor-widget-wrap elementor-element-populated\">\n\t\t\t\t\t\t<div class=\"elementor-element elementor-element-db25670 sc_height_huge sc_fly_static elementor-widget elementor-widget-spacer\" data-id=\"db25670\" data-element_type=\"widget\" data-widget_type=\"spacer.default\">\n\t\t\t\t\t\t\t<div class=\"elementor-spacer\">\n\t\t\t<div class=\"elementor-spacer-inner\"><\/div>\n\t\t<\/div>\n\t\t\t\t\t\t<\/div>\n\t\t\t\t<div class=\"elementor-element elementor-element-c94d834 sc_layouts_hide_on_notebook sc_layouts_hide_on_tablet sc_layouts_hide_on_mobile sc_fly_static elementor-widget elementor-widget-spacer\" data-id=\"c94d834\" data-element_type=\"widget\" data-widget_type=\"spacer.default\">\n\t\t\t\t\t\t\t<div class=\"elementor-spacer\">\n\t\t\t<div class=\"elementor-spacer-inner\"><\/div>\n\t\t<\/div>\n\t\t\t\t\t\t<\/div>\n\t\t\t\t\t<\/div>\n\t\t<\/div>\n\t\t\t\t\t<\/div>\n\t\t<\/section>\n\t\t\t\t<section class=\"elementor-section elementor-top-section elementor-element elementor-element-4b060e7c elementor-section-boxed elementor-section-height-default elementor-section-height-default sc_fly_static\" data-id=\"4b060e7c\" data-element_type=\"section\">\n\t\t\t\t\t\t<div class=\"elementor-container elementor-column-gap-extended\">\n\t\t\t\t\t<div class=\"elementor-column elementor-col-50 elementor-top-column elementor-element elementor-element-12ebb695 sc_content_align_inherit sc_layouts_column_icons_position_left sc_fly_static\" data-id=\"12ebb695\" data-element_type=\"column\">\n\t\t\t<div class=\"elementor-widget-wrap elementor-element-populated\">\n\t\t\t\t\t\t<div data-animation-type=\"block\" class=\"elementor-element elementor-element-7931dd6b animation_type_block sc_fly_static elementor-invisible elementor-widget elementor-widget-trx_sc_title\" data-id=\"7931dd6b\" data-element_type=\"widget\" data-settings=\"{&quot;_animation&quot;:&quot;ann-fadein&quot;,&quot;_animation_delay&quot;:200}\" data-widget_type=\"trx_sc_title.default\">\n\t\t\t\t<div class=\"elementor-widget-container\">\n\t\t\t\t\t<div\t\tclass=\"sc_title sc_title_default\" ><span class=\"sc_item_subtitle sc_title_subtitle sc_item_subtitle_above sc_item_title_style_default\">Prosp\u00e9rons ensemble.<\/span><h1 class=\"sc_item_title sc_title_title sc_item_title_style_default sc_item_title_tag\"\n\t\t\t><span class=\"sc_item_title_text\">Am\u00e9liorer les performances de vente. Am\u00e9liorer l'exp\u00e9rience client<\/span><\/h1><\/div>\t\t\t\t<\/div>\n\t\t\t\t<\/div>\n\t\t\t\t<div class=\"elementor-element elementor-element-64916dd5 sc_height_small sc_fly_static elementor-widget elementor-widget-spacer\" data-id=\"64916dd5\" data-element_type=\"widget\" data-widget_type=\"spacer.default\">\n\t\t\t\t\t\t\t<div class=\"elementor-spacer\">\n\t\t\t<div class=\"elementor-spacer-inner\"><\/div>\n\t\t<\/div>\n\t\t\t\t\t\t<\/div>\n\t\t\t\t<div class=\"elementor-element elementor-element-a33b67f sc_layouts_hide_on_mobile sc_fly_static elementor-widget elementor-widget-spacer\" data-id=\"a33b67f\" data-element_type=\"widget\" data-widget_type=\"spacer.default\">\n\t\t\t\t\t\t\t<div class=\"elementor-spacer\">\n\t\t\t<div class=\"elementor-spacer-inner\"><\/div>\n\t\t<\/div>\n\t\t\t\t\t\t<\/div>\n\t\t\t\t<div data-animation-type=\"block\" class=\"elementor-element elementor-element-064f906 animation_type_block sc_fly_static elementor-invisible elementor-widget elementor-widget-image\" data-id=\"064f906\" data-element_type=\"widget\" data-settings=\"{&quot;_animation&quot;:&quot;ann-fadein&quot;,&quot;_animation_delay&quot;:400}\" data-widget_type=\"image.default\">\n\t\t\t\t\t\t\t\t\t\t\t\t\t\t\t<img fetchpriority=\"high\" decoding=\"async\" width=\"1080\" height=\"1080\" src=\"https:\/\/sthrive.com\/wp-content\/uploads\/2025\/08\/7.-Contact.jpg\" class=\"attachment-full size-full wp-image-22714\" alt=\"\" srcset=\"https:\/\/sthrive.com\/wp-content\/uploads\/2025\/08\/7.-Contact.jpg 1080w, https:\/\/sthrive.com\/wp-content\/uploads\/2025\/08\/7.-Contact-300x300.jpg 300w, https:\/\/sthrive.com\/wp-content\/uploads\/2025\/08\/7.-Contact-1024x1024.jpg 1024w, https:\/\/sthrive.com\/wp-content\/uploads\/2025\/08\/7.-Contact-150x150.jpg 150w, https:\/\/sthrive.com\/wp-content\/uploads\/2025\/08\/7.-Contact-768x768.jpg 768w, https:\/\/sthrive.com\/wp-content\/uploads\/2025\/08\/7.-Contact-370x370.jpg 370w, https:\/\/sthrive.com\/wp-content\/uploads\/2025\/08\/7.-Contact-120x120.jpg 120w, https:\/\/sthrive.com\/wp-content\/uploads\/2025\/08\/7.-Contact-840x840.jpg 840w, https:\/\/sthrive.com\/wp-content\/uploads\/2025\/08\/7.-Contact-410x410.jpg 410w, https:\/\/sthrive.com\/wp-content\/uploads\/2025\/08\/7.-Contact-600x600.jpg 600w, https:\/\/sthrive.com\/wp-content\/uploads\/2025\/08\/7.-Contact-460x460.jpg 460w\" sizes=\"(max-width: 1080px) 100vw, 1080px\" \/>\t\t\t\t\t\t\t\t\t\t\t\t\t\t\t<\/div>\n\t\t\t\t\t<\/div>\n\t\t<\/div>\n\t\t\t\t<div class=\"elementor-column elementor-col-50 elementor-top-column elementor-element elementor-element-850dc48 sc_content_align_inherit sc_layouts_column_icons_position_left sc_fly_static\" data-id=\"850dc48\" data-element_type=\"column\">\n\t\t\t<div class=\"elementor-widget-wrap elementor-element-populated\">\n\t\t\t\t\t\t<div class=\"elementor-element elementor-element-47bd1685 sc_layouts_hide_on_tablet sc_fly_static elementor-widget elementor-widget-spacer\" data-id=\"47bd1685\" data-element_type=\"widget\" data-widget_type=\"spacer.default\">\n\t\t\t\t\t\t\t<div class=\"elementor-spacer\">\n\t\t\t<div class=\"elementor-spacer-inner\"><\/div>\n\t\t<\/div>\n\t\t\t\t\t\t<\/div>\n\t\t\t\t<div class=\"elementor-element elementor-element-5ed4401 sc_fly_static elementor-widget elementor-widget-html\" data-id=\"5ed4401\" data-element_type=\"widget\" data-widget_type=\"html.default\">\n\t\t\t\t\t<script charset=\"utf-8\" type=\"text\/javascript\" src=\"\/\/js-eu1.hsforms.net\/forms\/embed\/v2.js\"><\/script><script>hbspt.forms.create({\n    portalId: \"139640727\",\n    formId: \"a3210a7b-ca0d-486e-b7cf-0d690ee0b965\",\n    region: \"eu1\"\n  });\n<\/script>\t\t\t\t<\/div>\n\t\t\t\t\t<\/div>\n\t\t<\/div>\n\t\t\t\t\t<\/div>\n\t\t<\/section>\n\t\t\t\t<section class=\"elementor-section elementor-top-section elementor-element elementor-element-279464e4 elementor-section-boxed elementor-section-height-default elementor-section-height-default sc_fly_static\" data-id=\"279464e4\" data-element_type=\"section\">\n\t\t\t\t\t\t<div class=\"elementor-container elementor-column-gap-extended\">\n\t\t\t\t\t<div class=\"elementor-column elementor-col-100 elementor-top-column elementor-element elementor-element-61e9bbfe sc_content_align_inherit sc_layouts_column_icons_position_left sc_fly_static\" data-id=\"61e9bbfe\" data-element_type=\"column\">\n\t\t\t<div class=\"elementor-widget-wrap elementor-element-populated\">\n\t\t\t\t\t\t<div class=\"elementor-element elementor-element-75e08218 sc_height_huge sc_fly_static elementor-widget elementor-widget-spacer\" data-id=\"75e08218\" data-element_type=\"widget\" data-widget_type=\"spacer.default\">\n\t\t\t\t\t\t\t<div class=\"elementor-spacer\">\n\t\t\t<div class=\"elementor-spacer-inner\"><\/div>\n\t\t<\/div>\n\t\t\t\t\t\t<\/div>\n\t\t\t\t<div class=\"elementor-element elementor-element-cd6bc20 sc_layouts_hide_on_notebook sc_layouts_hide_on_tablet sc_layouts_hide_on_mobile sc_fly_static elementor-widget elementor-widget-spacer\" data-id=\"cd6bc20\" data-element_type=\"widget\" data-widget_type=\"spacer.default\">\n\t\t\t\t\t\t\t<div class=\"elementor-spacer\">\n\t\t\t<div class=\"elementor-spacer-inner\"><\/div>\n\t\t<\/div>\n\t\t\t\t\t\t<\/div>\n\t\t\t\t<div class=\"elementor-element elementor-element-f639588 sc_height_tiny sc_fly_static elementor-widget elementor-widget-spacer\" data-id=\"f639588\" data-element_type=\"widget\" data-widget_type=\"spacer.default\">\n\t\t\t\t\t\t\t<div class=\"elementor-spacer\">\n\t\t\t<div class=\"elementor-spacer-inner\"><\/div>\n\t\t<\/div>\n\t\t\t\t\t\t<\/div>\n\t\t\t\t<div data-animation-type=\"sequental\" data-animation-stagger=\"\" class=\"elementor-element elementor-element-52d50d40 extra_hover animation_type_sequental sc_fly_static elementor-invisible elementor-widget elementor-widget-trx_sc_icons\" data-id=\"52d50d40\" data-element_type=\"widget\" data-settings=\"{&quot;_animation&quot;:&quot;ann-fadein&quot;,&quot;_animation_delay&quot;:200}\" data-widget_type=\"trx_sc_icons.default\">\n\t\t\t\t<div class=\"elementor-widget-container\">\n\t\t\t\t\t<div \tclass=\"sc_icons sc_icons_number sc_icons_size_small sc_align_center\" ><div class=\"sc_icons_columns_wrap sc_item_columns trx_addons_columns_wrap columns_padding_bottom columns_in_single_row\" ><div class=\"trx_addons_column-1_3\"><div class=\"sc_icons_item\"><span class=\"sc_icons_item_number\">01<\/span>                <div class=\"sc_icons_item_header\"><h4 class=\"sc_icons_item_title\"><span>10+ march\u00e9s mondiaux<\/span><\/h4><\/div><div class=\"sc_icons_item_details\"><div class=\"sc_icons_item_description\"><span><i>Soutenir les leaders de la distribution et du luxe dans le monde entier<\/i><\/span><\/div><\/div><\/div><\/div><div class=\"trx_addons_column-1_3\"><div class=\"sc_icons_item\"><span class=\"sc_icons_item_number\">02<\/span>                <div class=\"sc_icons_item_header\"><h4 class=\"sc_icons_item_title\"><span>P\u00f4les r\u00e9gionaux<\/span><\/h4><\/div><div class=\"sc_icons_item_details\"><div class=\"sc_icons_item_description\"><span><i>- Europe - Moyen-Orient - Hong Kong -<\/i><\/span><\/div><\/div><\/div><\/div><div class=\"trx_addons_column-1_3\"><div class=\"sc_icons_item sc_icons_item_linked\"><span class=\"sc_icons_item_number\">03<\/span>                <div class=\"sc_icons_item_header\"><h4 class=\"sc_icons_item_title\"><a href=\"mailto:contact@sthrive.com\">\r\n                                Prendre contact                                <\/a><\/h4><\/div><div class=\"sc_icons_item_details\"><div class=\"sc_icons_item_description\"><span>contact@sthrive.com<\/span><\/div><a href=\"mailto:contact@sthrive.com\"\r\n                        class=\"sc_icons_item_link\">\r\n                        <\/a><\/div><\/div><\/div><\/div><\/div><!-- \/.sc_icons -->\t\t\t\t<\/div>\n\t\t\t\t<\/div>\n\t\t\t\t<div class=\"elementor-element elementor-element-5a8da655 sc_height_huge sc_fly_static elementor-widget elementor-widget-spacer\" data-id=\"5a8da655\" data-element_type=\"widget\" data-widget_type=\"spacer.default\">\n\t\t\t\t\t\t\t<div class=\"elementor-spacer\">\n\t\t\t<div class=\"elementor-spacer-inner\"><\/div>\n\t\t<\/div>\n\t\t\t\t\t\t<\/div>\n\t\t\t\t<div class=\"elementor-element elementor-element-47da56d sc_layouts_hide_on_notebook sc_layouts_hide_on_tablet sc_layouts_hide_on_mobile sc_fly_static elementor-widget elementor-widget-spacer\" data-id=\"47da56d\" data-element_type=\"widget\" data-widget_type=\"spacer.default\">\n\t\t\t\t\t\t\t<div class=\"elementor-spacer\">\n\t\t\t<div class=\"elementor-spacer-inner\"><\/div>\n\t\t<\/div>\n\t\t\t\t\t\t<\/div>\n\t\t\t\t\t<\/div>\n\t\t<\/div>\n\t\t\t\t\t<\/div>\n\t\t<\/section>\n\t\t\t\t<\/div>\n\t\t","protected":false},"excerpt":{"rendered":"<p>Prosp\u00e9rons ensemble. Am\u00e9liorer les performances de vente. Am\u00e9liorer l&rsquo;exp\u00e9rience client 01 10+ march\u00e9s mondiaux Soutenir les leaders de la distribution et du luxe dans le monde entier02 P\u00f4les r\u00e9gionaux &#8211;&hellip;<\/p>\n","protected":false},"author":1,"featured_media":0,"parent":0,"menu_order":0,"comment_status":"closed","ping_status":"closed","template":"","meta":{"footnotes":""},"class_list":["post-22866","page","type-page","status-publish","hentry"],"yoast_head":"<!-- This site is optimized with the Yoast SEO plugin v26.4 - https:\/\/yoast.com\/wordpress\/plugins\/seo\/ -->\n<title>Obtenir une d\u00e9monstration - Sthrive<\/title>\n<meta name=\"description\" content=\"Explore Obtenir une d\u00e9monstration on Sthrive \u2014 where AI meets frontline retail performance.\" \/>\n<meta name=\"robots\" content=\"index, follow, max-snippet:-1, max-image-preview:large, max-video-preview:-1\" \/>\n<link rel=\"canonical\" href=\"https:\/\/sthrive.com\/fr\/contact\/\" \/>\n<meta property=\"og:locale\" content=\"fr_FR\" \/>\n<meta property=\"og:type\" content=\"article\" \/>\n<meta property=\"og:title\" content=\"Obtenir une d\u00e9monstration - Sthrive\" \/>\n<meta property=\"og:description\" content=\"Explore Obtenir une d\u00e9monstration on Sthrive \u2014 where AI meets frontline retail performance.\" \/>\n<meta property=\"og:url\" content=\"https:\/\/sthrive.com\/fr\/contact\/\" \/>\n<meta property=\"og:site_name\" content=\"Sthrive\" \/>\n<meta property=\"article:modified_time\" content=\"2025-11-13T17:10:30+00:00\" \/>\n<meta property=\"og:image\" content=\"https:\/\/sthrive.com\/wp-content\/uploads\/2025\/08\/7.-Contact.jpg\" \/>\n<meta name=\"twitter:card\" content=\"summary_large_image\" \/>\n<meta name=\"twitter:label1\" content=\"Dur\u00e9e de lecture estim\u00e9e\" \/>\n\t<meta name=\"twitter:data1\" content=\"1 minute\" \/>\n<script type=\"application\/ld+json\" class=\"yoast-schema-graph\">{\"@context\":\"https:\/\/schema.org\",\"@graph\":[{\"@type\":\"WebPage\",\"@id\":\"https:\/\/sthrive.com\/fr\/contact\/\",\"url\":\"https:\/\/sthrive.com\/fr\/contact\/\",\"name\":\"Obtenir une d\u00e9monstration - Sthrive\",\"isPartOf\":{\"@id\":\"https:\/\/sthrive.com\/fr\/#website\"},\"primaryImageOfPage\":{\"@id\":\"https:\/\/sthrive.com\/fr\/contact\/#primaryimage\"},\"image\":{\"@id\":\"https:\/\/sthrive.com\/fr\/contact\/#primaryimage\"},\"thumbnailUrl\":\"https:\/\/sthrive.com\/wp-content\/uploads\/2025\/08\/7.-Contact.jpg\",\"datePublished\":\"2023-02-03T07:23:34+00:00\",\"dateModified\":\"2025-11-13T17:10:30+00:00\",\"description\":\"Explore Obtenir une d\u00e9monstration on Sthrive \u2014 where AI meets frontline retail performance.\",\"breadcrumb\":{\"@id\":\"https:\/\/sthrive.com\/fr\/contact\/#breadcrumb\"},\"inLanguage\":\"fr-FR\",\"potentialAction\":[{\"@type\":\"ReadAction\",\"target\":[\"https:\/\/sthrive.com\/fr\/contact\/\"]}]},{\"@type\":\"ImageObject\",\"inLanguage\":\"fr-FR\",\"@id\":\"https:\/\/sthrive.com\/fr\/contact\/#primaryimage\",\"url\":\"https:\/\/sthrive.com\/wp-content\/uploads\/2025\/08\/7.-Contact.jpg\",\"contentUrl\":\"https:\/\/sthrive.com\/wp-content\/uploads\/2025\/08\/7.-Contact.jpg\"},{\"@type\":\"BreadcrumbList\",\"@id\":\"https:\/\/sthrive.com\/fr\/contact\/#breadcrumb\",\"itemListElement\":[{\"@type\":\"ListItem\",\"position\":1,\"name\":\"Home\",\"item\":\"https:\/\/sthrive.com\/fr\/\"},{\"@type\":\"ListItem\",\"position\":2,\"name\":\"Obtenir une d\u00e9monstration\"}]},{\"@type\":\"WebSite\",\"@id\":\"https:\/\/sthrive.com\/fr\/#website\",\"url\":\"https:\/\/sthrive.com\/fr\/\",\"name\":\"Sthrive\",\"description\":\"AI Retail Performance and Analytics \u2013 Faster, Smarter, Measurable\",\"publisher\":{\"@id\":\"https:\/\/sthrive.com\/fr\/#organization\"},\"potentialAction\":[{\"@type\":\"SearchAction\",\"target\":{\"@type\":\"EntryPoint\",\"urlTemplate\":\"https:\/\/sthrive.com\/fr\/?s={search_term_string}\"},\"query-input\":{\"@type\":\"PropertyValueSpecification\",\"valueRequired\":true,\"valueName\":\"search_term_string\"}}],\"inLanguage\":\"fr-FR\"},{\"@type\":\"Organization\",\"@id\":\"https:\/\/sthrive.com\/fr\/#organization\",\"name\":\"Sthrive\",\"url\":\"https:\/\/sthrive.com\/fr\/\",\"logo\":{\"@type\":\"ImageObject\",\"inLanguage\":\"fr-FR\",\"@id\":\"https:\/\/sthrive.com\/fr\/#\/schema\/logo\/image\/\",\"url\":\"https:\/\/sthrive.com\/wp-content\/uploads\/2026\/01\/cropped-brandblock_blanc.png\",\"contentUrl\":\"https:\/\/sthrive.com\/wp-content\/uploads\/2026\/01\/cropped-brandblock_blanc.png\",\"width\":1910,\"height\":459,\"caption\":\"Sthrive\"},\"image\":{\"@id\":\"https:\/\/sthrive.com\/fr\/#\/schema\/logo\/image\/\"},\"sameAs\":[\"https:\/\/www.linkedin.com\/company\/sthrive\/about\/?viewAsMember=true\"]}]}<\/script>\n<!-- \/ Yoast SEO plugin. -->","yoast_head_json":{"title":"Obtenir une d\u00e9monstration - Sthrive","description":"Explore Obtenir une d\u00e9monstration on Sthrive \u2014 where AI meets frontline retail performance.","robots":{"index":"index","follow":"follow","max-snippet":"max-snippet:-1","max-image-preview":"max-image-preview:large","max-video-preview":"max-video-preview:-1"},"canonical":"https:\/\/sthrive.com\/fr\/contact\/","og_locale":"fr_FR","og_type":"article","og_title":"Obtenir une d\u00e9monstration - Sthrive","og_description":"Explore Obtenir une d\u00e9monstration on Sthrive \u2014 where AI meets frontline retail performance.","og_url":"https:\/\/sthrive.com\/fr\/contact\/","og_site_name":"Sthrive","article_modified_time":"2025-11-13T17:10:30+00:00","og_image":[{"url":"https:\/\/sthrive.com\/wp-content\/uploads\/2025\/08\/7.-Contact.jpg","type":"","width":"","height":""}],"twitter_card":"summary_large_image","twitter_misc":{"Dur\u00e9e de lecture estim\u00e9e":"1 minute"},"schema":{"@context":"https:\/\/schema.org","@graph":[{"@type":"WebPage","@id":"https:\/\/sthrive.com\/fr\/contact\/","url":"https:\/\/sthrive.com\/fr\/contact\/","name":"Obtenir une d\u00e9monstration - Sthrive","isPartOf":{"@id":"https:\/\/sthrive.com\/fr\/#website"},"primaryImageOfPage":{"@id":"https:\/\/sthrive.com\/fr\/contact\/#primaryimage"},"image":{"@id":"https:\/\/sthrive.com\/fr\/contact\/#primaryimage"},"thumbnailUrl":"https:\/\/sthrive.com\/wp-content\/uploads\/2025\/08\/7.-Contact.jpg","datePublished":"2023-02-03T07:23:34+00:00","dateModified":"2025-11-13T17:10:30+00:00","description":"Explore Obtenir une d\u00e9monstration on Sthrive \u2014 where AI meets frontline retail performance.","breadcrumb":{"@id":"https:\/\/sthrive.com\/fr\/contact\/#breadcrumb"},"inLanguage":"fr-FR","potentialAction":[{"@type":"ReadAction","target":["https:\/\/sthrive.com\/fr\/contact\/"]}]},{"@type":"ImageObject","inLanguage":"fr-FR","@id":"https:\/\/sthrive.com\/fr\/contact\/#primaryimage","url":"https:\/\/sthrive.com\/wp-content\/uploads\/2025\/08\/7.-Contact.jpg","contentUrl":"https:\/\/sthrive.com\/wp-content\/uploads\/2025\/08\/7.-Contact.jpg"},{"@type":"BreadcrumbList","@id":"https:\/\/sthrive.com\/fr\/contact\/#breadcrumb","itemListElement":[{"@type":"ListItem","position":1,"name":"Home","item":"https:\/\/sthrive.com\/fr\/"},{"@type":"ListItem","position":2,"name":"Obtenir une d\u00e9monstration"}]},{"@type":"WebSite","@id":"https:\/\/sthrive.com\/fr\/#website","url":"https:\/\/sthrive.com\/fr\/","name":"Sthrive","description":"AI Retail Performance and Analytics \u2013 Faster, Smarter, Measurable","publisher":{"@id":"https:\/\/sthrive.com\/fr\/#organization"},"potentialAction":[{"@type":"SearchAction","target":{"@type":"EntryPoint","urlTemplate":"https:\/\/sthrive.com\/fr\/?s={search_term_string}"},"query-input":{"@type":"PropertyValueSpecification","valueRequired":true,"valueName":"search_term_string"}}],"inLanguage":"fr-FR"},{"@type":"Organization","@id":"https:\/\/sthrive.com\/fr\/#organization","name":"Sthrive","url":"https:\/\/sthrive.com\/fr\/","logo":{"@type":"ImageObject","inLanguage":"fr-FR","@id":"https:\/\/sthrive.com\/fr\/#\/schema\/logo\/image\/","url":"https:\/\/sthrive.com\/wp-content\/uploads\/2026\/01\/cropped-brandblock_blanc.png","contentUrl":"https:\/\/sthrive.com\/wp-content\/uploads\/2026\/01\/cropped-brandblock_blanc.png","width":1910,"height":459,"caption":"Sthrive"},"image":{"@id":"https:\/\/sthrive.com\/fr\/#\/schema\/logo\/image\/"},"sameAs":["https:\/\/www.linkedin.com\/company\/sthrive\/about\/?viewAsMember=true"]}]}},"_links":{"self":[{"href":"https:\/\/sthrive.com\/fr\/wp-json\/wp\/v2\/pages\/22866","targetHints":{"allow":["GET"]}}],"collection":[{"href":"https:\/\/sthrive.com\/fr\/wp-json\/wp\/v2\/pages"}],"about":[{"href":"https:\/\/sthrive.com\/fr\/wp-json\/wp\/v2\/types\/page"}],"author":[{"embeddable":true,"href":"https:\/\/sthrive.com\/fr\/wp-json\/wp\/v2\/users\/1"}],"replies":[{"embeddable":true,"href":"https:\/\/sthrive.com\/fr\/wp-json\/wp\/v2\/comments?post=22866"}],"version-history":[{"count":1,"href":"https:\/\/sthrive.com\/fr\/wp-json\/wp\/v2\/pages\/22866\/revisions"}],"predecessor-version":[{"id":22867,"href":"https:\/\/sthrive.com\/fr\/wp-json\/wp\/v2\/pages\/22866\/revisions\/22867"}],"wp:attachment":[{"href":"https:\/\/sthrive.com\/fr\/wp-json\/wp\/v2\/media?parent=22866"}],"curies":[{"name":"wp","href":"https:\/\/api.w.org\/{rel}","templated":true}]}}